


{"id":9,"date":"2018-07-06T14:29:20","date_gmt":"2018-07-06T14:29:20","guid":{"rendered":"https:\/\/tt-lehrgang.de\/?page_id=9"},"modified":"2026-03-19T10:22:22","modified_gmt":"2026-03-19T09:22:22","slug":"unterkunft","status":"publish","type":"page","link":"https:\/\/tt-lehrgang.de\/?page_id=9","title":{"rendered":"Unterkunft"},"content":{"rendered":"<p>&nbsp;<\/p>\n<p><strong>Die Sportschule Lastrup erm\u00f6glicht uns seid langem unsere Lehrg\u00e4nge zu veranstalten. Sie umf\u00e4sst eine Gro\u00dfe<\/strong><br \/>\n<strong>und eine kleine Halle, ein Fussball- und ein Basketballfeld, ein Freibad sowie eine Laufbahn. Ebenso gibt es dort<\/strong><br \/>\n<strong>saubere Zimmer, die eigene B\u00e4der besitzen. Die Sportschule sorgt ebenfalls f\u00fcr die Verpflegung der Spieler mit<\/strong><br \/>\n<strong>gut zubereitetem Essen.<\/strong><\/p>\n<p><strong><img loading=\"lazy\" decoding=\"async\" class=\"alignright wp-image-131 size-full\" src=\"https:\/\/tt-lehrgang.de\/wp-admin\/upload.php?item=758\" alt=\"\" width=\"157\" height=\"147\" \/>Die gut ausger\u00fcstete Sportschule sorgt jedes Jahr wieder, f\u00fcr ein nettes Trainingslager, sowohl f\u00fcr die Spieler<\/strong><br \/>\n<strong>als auch f\u00fcr die Trainer.<\/strong><\/p>\n<p><strong>Die Sportschule nutzt auch Facebook und haben eine eigene Homepage um Fans<\/strong><br \/>\n<strong>auf dem laufenden zu halten.<\/strong><\/p>\n<p><strong><a href=\"https:\/\/de-de.facebook.com\/SportschuleLastrup\/\" target=\"_blank\" rel=\"noopener noreferrer\">facebook.com\/SportschuleLastrup<\/a> und <\/strong><a href=\"http:\/\/www.sportschule-lastrup.de\" target=\"_blank\" rel=\"noopener noreferrer\"><strong>www.sportschule-lastrup.de<\/strong><\/a><\/p>\n<p><img loading=\"lazy\" decoding=\"async\" class=\" wp-image-130 alignleft\" src=\"https:\/\/tt-lehrgang.de\/wp-admin\/upload.php?item=758\" alt=\"\" width=\"26\" height=\"36\" \/><\/p>\n<p><strong>SportCampus Oldenburger M\u00fcnsterland<\/strong><br \/>\n<strong>Tr\u00e4ger: Kreissportbund Cloppenburg e.V.<\/strong><br \/>\n<strong>Bokaerstr. 30<\/strong><br \/>\n<strong>49688 Lastrup<\/strong><\/p>\n<p>&nbsp;<\/p>\n<p>&nbsp;<\/p>\n","protected":false},"excerpt":{"rendered":"<p>&nbsp; Die Sportschule Lastrup erm\u00f6glicht uns seid langem unsere Lehrg\u00e4nge zu veranstalten. Sie umf\u00e4sst eine Gro\u00dfe und eine kleine Halle, ein Fussball- und ein Basketballfeld, ein Freibad sowie eine Laufbahn. Ebenso gibt es dort saubere Zimmer, die eigene B\u00e4der besitzen. Die Sportschule sorgt ebenfalls f\u00fcr die Verpflegung der Spieler mit gut zubereitetem Essen. Die gut [&hellip;]<\/p>\n","protected":false},"author":1,"featured_media":0,"parent":0,"menu_order":0,"comment_status":"closed","ping_status":"closed","template":"","meta":{"footnotes":""},"class_list":["post-9","page","type-page","status-publish","hentry"],"_links":{"self":[{"href":"https:\/\/tt-lehrgang.de\/index.php?rest_route=\/wp\/v2\/pages\/9","targetHints":{"allow":["GET"]}}],"collection":[{"href":"https:\/\/tt-lehrgang.de\/index.php?rest_route=\/wp\/v2\/pages"}],"about":[{"href":"https:\/\/tt-lehrgang.de\/index.php?rest_route=\/wp\/v2\/types\/page"}],"author":[{"embeddable":true,"href":"https:\/\/tt-lehrgang.de\/index.php?rest_route=\/wp\/v2\/users\/1"}],"replies":[{"embeddable":true,"href":"https:\/\/tt-lehrgang.de\/index.php?rest_route=%2Fwp%2Fv2%2Fcomments&post=9"}],"version-history":[{"count":33,"href":"https:\/\/tt-lehrgang.de\/index.php?rest_route=\/wp\/v2\/pages\/9\/revisions"}],"predecessor-version":[{"id":760,"href":"https:\/\/tt-lehrgang.de\/index.php?rest_route=\/wp\/v2\/pages\/9\/revisions\/760"}],"wp:attachment":[{"href":"https:\/\/tt-lehrgang.de\/index.php?rest_route=%2Fwp%2Fv2%2Fmedia&parent=9"}],"curies":[{"name":"wp","href":"https:\/\/api.w.org\/{rel}","templated":true}]}}