


{"id":15,"date":"2018-07-06T14:29:52","date_gmt":"2018-07-06T14:29:52","guid":{"rendered":"https:\/\/tt-lehrgang.de\/?page_id=15"},"modified":"2018-07-09T16:01:41","modified_gmt":"2018-07-09T16:01:41","slug":"anmeldungen","status":"publish","type":"page","link":"https:\/\/tt-lehrgang.de\/?page_id=15","title":{"rendered":"Anmeldungen"},"content":{"rendered":"<p style=\"text-align: center;\"><strong>Hier k\u00f6nnen Sie sich f\u00fcr einen unserer Lehrg\u00e4nge anmelden, danach erhalten Sie Informationen<\/strong><br \/>\n<strong>zur \u00dcberweisung. Bitte Beachten Sie, dass evtl. schon Lehrg\u00e4nge ausgebucht sind und deshalb die Anmeldung nicht mehr m\u00f6glich ist.<br \/>\n<\/strong><\/p>\n<p>&nbsp;<\/p>\n<div class=\"wpforms-container wpforms-container-full padding_form\" id=\"wpforms-157\"><form id=\"wpforms-form-157\" class=\"wpforms-validate wpforms-form\" data-formid=\"157\" method=\"post\" enctype=\"multipart\/form-data\" action=\"\/index.php?rest_route=%2Fwp%2Fv2%2Fpages%2F15\" data-token=\"d8eb2a2f94375798d95847ff7af94526\" data-token-time=\"1777514989\"><noscript class=\"wpforms-error-noscript\">Bitte aktiviere JavaScript in deinem Browser, um dieses Formular fertigzustellen.<\/noscript><div class=\"wpforms-field-container\"><div id=\"wpforms-157-field_13-container\" class=\"wpforms-field wpforms-field-name wpforms-one-half wpforms-first input_text\" data-field-id=\"13\"><label class=\"wpforms-field-label\">Name <span class=\"wpforms-required-label\">*<\/span><\/label><div class=\"wpforms-field-row wpforms-field-medium\"><div class=\"wpforms-field-row-block wpforms-first wpforms-one-half\"><input type=\"text\" id=\"wpforms-157-field_13\" class=\"wpforms-field-name-first wpforms-field-required\" name=\"wpforms[fields][13][first]\" required><label for=\"wpforms-157-field_13\" class=\"wpforms-field-sublabel after\">Vorname<\/label><\/div><div class=\"wpforms-field-row-block wpforms-one-half\"><input type=\"text\" id=\"wpforms-157-field_13-last\" class=\"wpforms-field-name-last wpforms-field-required\" name=\"wpforms[fields][13][last]\" required><label for=\"wpforms-157-field_13-last\" class=\"wpforms-field-sublabel after\">Nachname<\/label><\/div><\/div><\/div><div id=\"wpforms-157-field_19-container\" class=\"wpforms-field wpforms-field-select wpforms-one-half\" data-field-id=\"19\"><label class=\"wpforms-field-label\" for=\"wpforms-157-field_19\">Spielerklasse <span class=\"wpforms-required-label\">*<\/span><\/label><select id=\"wpforms-157-field_19\" class=\"wpforms-field-medium wpforms-field-required\" name=\"wpforms[fields][19]\" required=\"required\"><option value=\"Herren\"  class=\"choice-1 depth-1\"  >Herren<\/option><option value=\"Damen\"  class=\"choice-6 depth-1\"  >Damen<\/option><option value=\"weibliche Jugend\"  class=\"choice-5 depth-1\"  >weibliche Jugend<\/option><option value=\"m\u00e4nnliche Jugend\"  class=\"choice-4 depth-1\"  >m\u00e4nnliche Jugend<\/option><option value=\"Sch\u00fcler\"  class=\"choice-2 depth-1\"  >Sch\u00fcler<\/option><option value=\"Sch\u00fclerinnen\"  class=\"choice-3 depth-1\"  >Sch\u00fclerinnen<\/option><\/select><\/div><div id=\"wpforms-157-field_14-container\" class=\"wpforms-field wpforms-field-text wpforms-one-half wpforms-first\" data-field-id=\"14\"><label class=\"wpforms-field-label\" for=\"wpforms-157-field_14\">Geburtstag <span class=\"wpforms-required-label\">*<\/span><\/label><input type=\"text\" id=\"wpforms-157-field_14\" class=\"wpforms-field-medium wpforms-field-required\" name=\"wpforms[fields][14]\" required><\/div><div id=\"wpforms-157-field_21-container\" class=\"wpforms-field wpforms-field-select wpforms-one-half\" data-field-id=\"21\"><label class=\"wpforms-field-label\" for=\"wpforms-157-field_21\">T-Shirt Gr\u00f6\u00dfe<\/label><select id=\"wpforms-157-field_21\" class=\"wpforms-field-medium\" name=\"wpforms[fields][21]\"><option value=\"XS\"  class=\"choice-1 depth-1\"  >XS<\/option><option value=\"S\"  class=\"choice-2 depth-1\"  >S<\/option><option value=\"M\"  class=\"choice-3 depth-1\"  >M<\/option><option value=\"L\"  class=\"choice-6 depth-1\"  >L<\/option><option value=\"XL\"  class=\"choice-5 depth-1\"  >XL<\/option><option value=\"XXL\"  class=\"choice-4 depth-1\"  >XXL<\/option><\/select><\/div><div id=\"wpforms-157-field_15-container\" class=\"wpforms-field wpforms-field-email wpforms-one-half wpforms-first\" data-field-id=\"15\"><label class=\"wpforms-field-label\" for=\"wpforms-157-field_15\">E-Mail-Adresse <span class=\"wpforms-required-label\">*<\/span><\/label><input type=\"email\" id=\"wpforms-157-field_15\" class=\"wpforms-field-medium wpforms-field-required\" name=\"wpforms[fields][15]\" spellcheck=\"false\" required><\/div><div id=\"wpforms-157-field_20-container\" class=\"wpforms-field wpforms-field-text wpforms-one-half\" data-field-id=\"20\"><label class=\"wpforms-field-label\" for=\"wpforms-157-field_20\">Liga<\/label><input type=\"text\" id=\"wpforms-157-field_20\" class=\"wpforms-field-medium\" name=\"wpforms[fields][20]\" ><\/div><div id=\"wpforms-157-field_16-container\" class=\"wpforms-field wpforms-field-text wpforms-one-half wpforms-first\" data-field-id=\"16\"><label class=\"wpforms-field-label\" for=\"wpforms-157-field_16\">Telefon <span class=\"wpforms-required-label\">*<\/span><\/label><input type=\"text\" id=\"wpforms-157-field_16\" class=\"wpforms-field-medium wpforms-field-required\" name=\"wpforms[fields][16]\" required><\/div><div id=\"wpforms-157-field_22-container\" class=\"wpforms-field wpforms-field-text wpforms-one-half\" data-field-id=\"22\"><label class=\"wpforms-field-label\" for=\"wpforms-157-field_22\">(Q)TTR<\/label><input type=\"text\" id=\"wpforms-157-field_22\" class=\"wpforms-field-medium\" name=\"wpforms[fields][22]\" ><\/div><div id=\"wpforms-157-field_17-container\" class=\"wpforms-field wpforms-field-select wpforms-one-half wpforms-first\" data-field-id=\"17\"><label class=\"wpforms-field-label\" for=\"wpforms-157-field_17\">Lehrgang <span class=\"wpforms-required-label\">*<\/span><\/label><select id=\"wpforms-157-field_17\" class=\"wpforms-field-medium wpforms-field-required\" name=\"wpforms[fields][17]\" required=\"required\"><option value=\"Ostercamp\"  class=\"choice-1 depth-1\"  >Ostercamp<\/option><option value=\"Sommercamp\"  class=\"choice-2 depth-1\"  >Sommercamp<\/option><\/select><\/div><div id=\"wpforms-157-field_24-container\" class=\"wpforms-field wpforms-field-select wpforms-one-half\" data-field-id=\"24\"><label class=\"wpforms-field-label\" for=\"wpforms-157-field_24\">Zahlungsm\u00f6glichkeiten <span class=\"wpforms-required-label\">*<\/span><\/label><select id=\"wpforms-157-field_24\" class=\"wpforms-field-medium wpforms-field-required\" name=\"wpforms[fields][24]\" required=\"required\"><option value=\"\u00dcberweisung\"  class=\"choice-1 depth-1\"  >\u00dcberweisung<\/option><option value=\"vor Ort in Bar\"  class=\"choice-2 depth-1\"  >vor Ort in Bar<\/option><option value=\"andere auf Nachfrage\"  class=\"choice-3 depth-1\"  >andere auf Nachfrage<\/option><\/select><\/div><div id=\"wpforms-157-field_18-container\" class=\"wpforms-field wpforms-field-text wpforms-one-half wpforms-first\" data-field-id=\"18\"><label class=\"wpforms-field-label\" for=\"wpforms-157-field_18\">Verein<\/label><input type=\"text\" id=\"wpforms-157-field_18\" class=\"wpforms-field-medium\" name=\"wpforms[fields][18]\" ><\/div><div id=\"wpforms-157-field_25-container\" class=\"wpforms-field wpforms-field-textarea wpforms-one-half\" data-field-id=\"25\"><label class=\"wpforms-field-label\" for=\"wpforms-157-field_25\">Zus\u00e4tzliche Bemerkung<\/label><textarea id=\"wpforms-157-field_25\" class=\"wpforms-field-medium\" name=\"wpforms[fields][25]\" ><\/textarea><div class=\"wpforms-field-description\"> Vegetarier, keine Schweinefleisch<\/div><\/div><div id=\"wpforms-157-field_27-container\" class=\"wpforms-field wpforms-field-checkbox width_90p\" data-field-id=\"27\"><label class=\"wpforms-field-label\">Best\u00e4tigung <span class=\"wpforms-required-label\">*<\/span><\/label><ul id=\"wpforms-157-field_27\" class=\"wpforms-field-required\"><li class=\"choice-1 depth-1 wpforms-selected\"><input type=\"checkbox\" id=\"wpforms-157-field_27_1\" name=\"wpforms[fields][27][]\" value=\"Mit dem Abesenden der Daten erkl\u00e4re ich mich Einverstanden, dass die von mir eingegebenen Daten zur weiteren Verarbeitung Elektronisch gespeichert werden.\" required  checked='checked'><label class=\"wpforms-field-label-inline\" for=\"wpforms-157-field_27_1\">Mit dem Abesenden der Daten erkl\u00e4re ich mich Einverstanden, dass die von mir eingegebenen Daten zur weiteren Verarbeitung Elektronisch gespeichert werden.<\/label><\/li><\/ul><\/div><\/div><!-- .wpforms-field-container --><div class=\"wpforms-submit-container\" ><input type=\"hidden\" name=\"wpforms[id]\" value=\"157\"><input type=\"hidden\" name=\"page_title\" value=\"\"><input type=\"hidden\" name=\"page_url\" value=\"https:\/\/tt-lehrgang.de\/index.php?rest_route=\/wp\/v2\/pages\/15\"><input type=\"hidden\" name=\"url_referer\" value=\"\"><button type=\"submit\" name=\"wpforms[submit]\" id=\"wpforms-submit-157\" class=\"wpforms-submit\" data-alt-text=\"Sende...\" data-submit-text=\"Senden\" aria-live=\"assertive\" value=\"wpforms-submit\">Senden<\/button><\/div><\/form><\/div>  <!-- .wpforms-container -->\n","protected":false},"excerpt":{"rendered":"<p>Hier k\u00f6nnen Sie sich f\u00fcr einen unserer Lehrg\u00e4nge anmelden, danach erhalten Sie Informationen zur \u00dcberweisung. Bitte Beachten Sie, dass evtl. schon Lehrg\u00e4nge ausgebucht sind und deshalb die Anmeldung nicht mehr m\u00f6glich ist. &nbsp;<\/p>\n","protected":false},"author":1,"featured_media":0,"parent":0,"menu_order":0,"comment_status":"closed","ping_status":"closed","template":"","meta":{"footnotes":""},"class_list":["post-15","page","type-page","status-publish","hentry"],"_links":{"self":[{"href":"https:\/\/tt-lehrgang.de\/index.php?rest_route=\/wp\/v2\/pages\/15","targetHints":{"allow":["GET"]}}],"collection":[{"href":"https:\/\/tt-lehrgang.de\/index.php?rest_route=\/wp\/v2\/pages"}],"about":[{"href":"https:\/\/tt-lehrgang.de\/index.php?rest_route=\/wp\/v2\/types\/page"}],"author":[{"embeddable":true,"href":"https:\/\/tt-lehrgang.de\/index.php?rest_route=\/wp\/v2\/users\/1"}],"replies":[{"embeddable":true,"href":"https:\/\/tt-lehrgang.de\/index.php?rest_route=%2Fwp%2Fv2%2Fcomments&post=15"}],"version-history":[{"count":5,"href":"https:\/\/tt-lehrgang.de\/index.php?rest_route=\/wp\/v2\/pages\/15\/revisions"}],"predecessor-version":[{"id":159,"href":"https:\/\/tt-lehrgang.de\/index.php?rest_route=\/wp\/v2\/pages\/15\/revisions\/159"}],"wp:attachment":[{"href":"https:\/\/tt-lehrgang.de\/index.php?rest_route=%2Fwp%2Fv2%2Fmedia&parent=15"}],"curies":[{"name":"wp","href":"https:\/\/api.w.org\/{rel}","templated":true}]}}